{"id":744,"date":"2020-09-30T17:39:54","date_gmt":"2020-09-30T15:39:54","guid":{"rendered":"http:\/\/gmp-nantes.com\/?page_id=744"},"modified":"2021-06-23T14:40:26","modified_gmt":"2021-06-23T12:40:26","slug":"radio","status":"publish","type":"page","link":"https:\/\/gmp-nantes.com\/index.php\/radio\/","title":{"rendered":"radio gmp"},"content":{"rendered":"<p>[et_pb_section fb_built=\u00a0\u00bb1&Prime; background_color=\u00a0\u00bb#1a1844&Prime; admin_label=\u00a0\u00bbHeader\u00a0\u00bb _builder_version=\u00a0\u00bb3.0.89&Prime; use_background_color_gradient=\u00a0\u00bbon\u00a0\u00bb background_color_gradient_start=\u00a0\u00bb#2b3ea0&Prime; background_color_gradient_end=\u00a0\u00bb#1a1844&Prime; background_color_gradient_type=\u00a0\u00bbradial\u00a0\u00bb background_color_gradient_direction_radial=\u00a0\u00bbbottom\u00a0\u00bb background_color_gradient_end_position=\u00a0\u00bb45%\u00a0\u00bb background_image=\u00a0\u00bbhttps:\/\/gmp-nantes.com\/wp-content\/uploads\/2020\/10\/antique-stereo-tuner.jpg\u00a0\u00bb custom_padding=\u00a0\u00bb143px|0|0|0&Prime;][et_pb_row use_custom_width=\u00a0\u00bbon\u00a0\u00bb width_unit=\u00a0\u00bboff\u00a0\u00bb custom_width_percent=\u00a0\u00bb100%\u00a0\u00bb custom_padding=\u00a0\u00bb|10%||10%||true\u00a0\u00bb _builder_version=\u00a0\u00bb3.17.2&Prime; use_background_color_gradient=\u00a0\u00bbon\u00a0\u00bb background_color_gradient_start=\u00a0\u00bbrgba(26,24,68,0)\u00a0\u00bb background_color_gradient_end=\u00a0\u00bb#1a1844&Prime; background_color_gradient_overlays_image=\u00a0\u00bbon\u00a0\u00bb background_image=\u00a0\u00bbhttps:\/\/gmp-nantes.com\/wp-content\/uploads\/2020\/10\/podcast-02-1.png\u00a0\u00bb background_position=\u00a0\u00bbtop_center\u00a0\u00bb animation_style=\u00a0\u00bbslide\u00a0\u00bb animation_direction=\u00a0\u00bbbottom\u00a0\u00bb animation_intensity_slide=\u00a0\u00bb1%\u00a0\u00bb][et_pb_column type=\u00a0\u00bb4_4&Prime; _builder_version=\u00a0\u00bb3.0.47&Prime; parallax=\u00a0\u00bboff\u00a0\u00bb parallax_method=\u00a0\u00bbon\u00a0\u00bb][et_pb_text background_layout=\u00a0\u00bbdark\u00a0\u00bb _builder_version=\u00a0\u00bb3.0.89&Prime; text_font=\u00a0\u00bb||||||||\u00a0\u00bb text_font_size=\u00a0\u00bb20px\u00a0\u00bb text_font_size_phone=\u00a0\u00bb14px\u00a0\u00bb text_font_size_last_edited=\u00a0\u00bbon|desktop\u00a0\u00bb text_line_height=\u00a0\u00bb1.8em\u00a0\u00bb header_font=\u00a0\u00bbLato|900|||||||\u00a0\u00bb header_font_size=\u00a0\u00bb82px\u00a0\u00bb header_font_size_tablet=\u00a0\u00bb62px\u00a0\u00bb header_font_size_phone=\u00a0\u00bb38px\u00a0\u00bb header_font_size_last_edited=\u00a0\u00bbon|phone\u00a0\u00bb header_letter_spacing=\u00a0\u00bb1px\u00a0\u00bb header_line_height=\u00a0\u00bb1.2em\u00a0\u00bb header_4_font=\u00a0\u00bbRaleway|||on|||||\u00a0\u00bb header_4_font_size=\u00a0\u00bb22px\u00a0\u00bb header_4_letter_spacing=\u00a0\u00bb4px\u00a0\u00bb header_4_line_height=\u00a0\u00bb1.6em\u00a0\u00bb text_orientation=\u00a0\u00bbcenter\u00a0\u00bb max_width=\u00a0\u00bb800px\u00a0\u00bb module_alignment=\u00a0\u00bbcenter\u00a0\u00bb]<\/p>\n<h4><\/h4>\n<h1 style=\"text-align: center;\">Radio GMP<\/h1>\n<p style=\"text-align: justify;\">Des d\u00e9bats passionn\u00e9s qui mettent la m\u00e9canique et les questions technologiques au c\u0153ur de la discussion. Enregistr\u00e9e dans les conditions du direct, chaque \u00e9mission est men\u00e9e par un animateur qui donne la parole \u00e0 4 intervenants.<\/p>\n<p>[\/et_pb_text][\/et_pb_column][\/et_pb_row][\/et_pb_section][et_pb_section fb_built=\u00a0\u00bb1&Prime; background_color=\u00a0\u00bb#1a1844&Prime; admin_label=\u00a0\u00bbEpisodes\u00a0\u00bb custom_padding_last_edited=\u00a0\u00bboff|desktop\u00a0\u00bb _builder_version=\u00a0\u00bb3.17.2&Prime; background_image=\u00a0\u00bbhttps:\/\/gmp-nantes.com\/wp-content\/uploads\/2020\/10\/podcast-07.png\u00a0\u00bb parallax=\u00a0\u00bbon\u00a0\u00bb custom_padding=\u00a0\u00bb||0||false|false\u00a0\u00bb][et_pb_row custom_padding=\u00a0\u00bb0|0|0px|0&Prime; make_equal=\u00a0\u00bbon\u00a0\u00bb background_color_1=\u00a0\u00bb#fe4943&Prime; padding_top_1=\u00a0\u00bb60px\u00a0\u00bb padding_right_1=\u00a0\u00bb40px\u00a0\u00bb padding_bottom_1=\u00a0\u00bb14vw\u00a0\u00bb padding_left_1=\u00a0\u00bb40px\u00a0\u00bb padding_top_2=\u00a0\u00bb60px\u00a0\u00bb padding_right_2=\u00a0\u00bb6vw\u00a0\u00bb padding_bottom_2=\u00a0\u00bb14vw\u00a0\u00bb padding_left_2=\u00a0\u00bb15px\u00a0\u00bb background_size_2=\u00a0\u00bbinitial\u00a0\u00bb background_position_2=\u00a0\u00bbcenter_left\u00a0\u00bb background_repeat_2=\u00a0\u00bbno-repeat\u00a0\u00bb padding_1_tablet=\u00a0\u00bb|10%||10%||true\u00a0\u00bb padding_2_tablet=\u00a0\u00bb60px|10%||10%||true\u00a0\u00bb padding_1_phone=\u00a0\u00bb|||\u00a0\u00bb padding_1_last_edited=\u00a0\u00bbon|desktop\u00a0\u00bb padding_2_last_edited=\u00a0\u00bbon|desktop\u00a0\u00bb _builder_version=\u00a0\u00bb3.0.89&Prime; module_alignment=\u00a0\u00bbcenter\u00a0\u00bb animation_direction=\u00a0\u00bbbottom\u00a0\u00bb][et_pb_column type=\u00a0\u00bb4_4&Prime; _builder_version=\u00a0\u00bb3.0.47&Prime; padding_phone=\u00a0\u00bb|||\u00a0\u00bb padding_tablet=\u00a0\u00bb|10%||10%||true\u00a0\u00bb padding_last_edited=\u00a0\u00bbon|desktop\u00a0\u00bb padding_bottom=\u00a0\u00bb14vw\u00a0\u00bb padding_left=\u00a0\u00bb40px\u00a0\u00bb padding_right=\u00a0\u00bb40px\u00a0\u00bb padding_top=\u00a0\u00bb60px\u00a0\u00bb background_color=\u00a0\u00bb#fe4943&Prime; parallax=\u00a0\u00bboff\u00a0\u00bb parallax_method=\u00a0\u00bbon\u00a0\u00bb][et_pb_text background_layout=\u00a0\u00bbdark\u00a0\u00bb _builder_version=\u00a0\u00bb3.0.89&Prime; text_font=\u00a0\u00bb||||||||\u00a0\u00bb text_font_size=\u00a0\u00bb15px\u00a0\u00bb text_line_height=\u00a0\u00bb2em\u00a0\u00bb header_font=\u00a0\u00bb||||||||\u00a0\u00bb header_2_font=\u00a0\u00bbLato|900|||||||\u00a0\u00bb header_2_font_size=\u00a0\u00bb40px\u00a0\u00bb header_2_font_size_tablet=\u00a0\u00bb50px\u00a0\u00bb header_2_font_size_phone=\u00a0\u00bb30px\u00a0\u00bb header_2_font_size_last_edited=\u00a0\u00bbon|desktop\u00a0\u00bb header_2_text_color=\u00a0\u00bb#1a1844&Prime; header_2_line_height=\u00a0\u00bb1.2em\u00a0\u00bb header_3_font=\u00a0\u00bb|700|||||||\u00a0\u00bb header_3_line_height=\u00a0\u00bb1.6em\u00a0\u00bb max_width=\u00a0\u00bb500px\u00a0\u00bb module_alignment=\u00a0\u00bbcenter\u00a0\u00bb header_text_align=\u00a0\u00bbjustify\u00a0\u00bb ul_font=\u00a0\u00bb||||||||\u00a0\u00bb ol_font=\u00a0\u00bb||||||||\u00a0\u00bb][\/et_pb_text][et_pb_button button_text=\u00a0\u00bbListes des \u00e9missions 2020&Prime; button_alignment=\u00a0\u00bbcenter\u00a0\u00bb background_layout=\u00a0\u00bbdark\u00a0\u00bb _builder_version=\u00a0\u00bb3.0.89&Prime; custom_padding=\u00a0\u00bb18px|100px|18px|100px|true|true\u00a0\u00bb custom_padding_phone=\u00a0\u00bb|50px||50px||true\u00a0\u00bb custom_padding_last_edited=\u00a0\u00bbon|phone\u00a0\u00bb custom_button=\u00a0\u00bbon\u00a0\u00bb button_text_size=\u00a0\u00bb14px\u00a0\u00bb button_bg_color=\u00a0\u00bb#1a1844&Prime; button_border_color=\u00a0\u00bbrgba(0,0,0,0)\u00a0\u00bb button_letter_spacing=\u00a0\u00bb4px\u00a0\u00bb button_font=\u00a0\u00bbRaleway|700||on|||||\u00a0\u00bb button_use_icon=\u00a0\u00bboff\u00a0\u00bb locked=\u00a0\u00bboff\u00a0\u00bb][\/et_pb_button][et_pb_text _builder_version=\u00a0\u00bb3.0.89&Prime;]<iframe loading=\"lazy\" width=\"100%\" height=\"450\" scrolling=\"no\" frameborder=\"no\" allow=\"autoplay\" src=\"https:\/\/w.soundcloud.com\/player\/?url=https%3A\/\/api.soundcloud.com\/playlists\/1187869507&amp;color=%2327201b&amp;auto_play=false&amp;hide_related=false&amp;show_comments=true&amp;show_user=true&amp;show_reposts=false&amp;show_teaser=true\"><\/iframe><\/p>\n<div style=\"font-size: 10px; color: #cccccc; line-break: anywhere; word-break: normal; overflow: hidden; white-space: nowrap; text-overflow: ellipsis; font-family: Interstate,Lucida Grande,Lucida Sans Unicode,Lucida Sans,Garuda,Verdana,Tahoma,sans-serif; font-weight: 100;\"><a href=\"https:\/\/soundcloud.com\/user-502742401\/sets\/le-debat-radio-des-gmp\/s-wRXqCL5qxCq\" title=\"Le d\u00e9bat radio des GMP\" target=\"_blank\" style=\"color: #cccccc; text-decoration: none;\" rel=\"noopener\"><\/a><\/div>\n<p>[\/et_pb_text][\/et_pb_column][\/et_pb_row][\/et_pb_section][et_pb_section fb_built=\u00a0\u00bb1&Prime; background_color=\u00a0\u00bb#1a1844&Prime; admin_label=\u00a0\u00bbEpisodes\u00a0\u00bb custom_padding_last_edited=\u00a0\u00bboff|desktop\u00a0\u00bb _builder_version=\u00a0\u00bb3.17.2&Prime; background_image=\u00a0\u00bbhttps:\/\/gmp-nantes.com\/wp-content\/uploads\/2020\/10\/podcast-07.png\u00a0\u00bb parallax=\u00a0\u00bbon\u00a0\u00bb custom_padding=\u00a0\u00bb||0||false|false\u00a0\u00bb][\/et_pb_section][et_pb_section fb_built=\u00a0\u00bb1&Prime; background_color=\u00a0\u00bb#fe4943&Prime; admin_label=\u00a0\u00bbFooter\u00a0\u00bb _builder_version=\u00a0\u00bb3.17.2&Prime; parallax=\u00a0\u00bbon\u00a0\u00bb custom_padding=\u00a0\u00bb6vw||6vw||true|false\u00a0\u00bb locked=\u00a0\u00bboff\u00a0\u00bb][et_pb_row _builder_version=\u00a0\u00bb3.17.2&Prime;][et_pb_column type=\u00a0\u00bb4_4&Prime; _builder_version=\u00a0\u00bb3.0.47&Prime; parallax=\u00a0\u00bboff\u00a0\u00bb parallax_method=\u00a0\u00bbon\u00a0\u00bb][et_pb_image src=\u00a0\u00bbhttps:\/\/gmp-nantes.com\/wp-content\/uploads\/2020\/10\/soundcloud-logo-black-transparent.png\u00a0\u00bb always_center_on_mobile=\u00a0\u00bboff\u00a0\u00bb _builder_version=\u00a0\u00bb3.0.89&Prime; max_width=\u00a0\u00bb24%\u00a0\u00bb module_alignment=\u00a0\u00bbcenter\u00a0\u00bb locked=\u00a0\u00bboff\u00a0\u00bb][\/et_pb_image][\/et_pb_column][\/et_pb_row][et_pb_row _builder_version=\u00a0\u00bb3.17.2&Prime;][et_pb_column type=\u00a0\u00bb4_4&Prime; _builder_version=\u00a0\u00bb3.0.47&Prime; parallax=\u00a0\u00bboff\u00a0\u00bb parallax_method=\u00a0\u00bbon\u00a0\u00bb][et_pb_button button_url=\u00a0\u00bbhttps:\/\/soundcloud.com\/user-502742401&Prime; button_text=\u00a0\u00bb\u00e9couter notre cha\u00eene soundcloud\u00a0\u00bb button_alignment=\u00a0\u00bbcenter\u00a0\u00bb background_layout=\u00a0\u00bbdark\u00a0\u00bb _builder_version=\u00a0\u00bb3.0.89&Prime; custom_padding=\u00a0\u00bb18px|200px|18px|200px|true|true\u00a0\u00bb custom_padding_phone=\u00a0\u00bb|50px||50px||true\u00a0\u00bb custom_padding_last_edited=\u00a0\u00bbon|phone\u00a0\u00bb custom_button=\u00a0\u00bbon\u00a0\u00bb button_text_size=\u00a0\u00bb14px\u00a0\u00bb button_bg_color=\u00a0\u00bb#1a1844&Prime; button_border_color=\u00a0\u00bbrgba(0,0,0,0)\u00a0\u00bb button_letter_spacing=\u00a0\u00bb4px\u00a0\u00bb button_font=\u00a0\u00bbRaleway|700||on|||||\u00a0\u00bb][\/et_pb_button][\/et_pb_column][\/et_pb_row][\/et_pb_section]<\/p>\n","protected":false},"excerpt":{"rendered":"<p>Radio GMP Des d\u00e9bats passionn\u00e9s qui mettent la m\u00e9canique et les questions technologiques au c\u0153ur de la discussion. Enregistr\u00e9e dans les conditions du direct, chaque \u00e9mission est men\u00e9e par un animateur qui donne la parole \u00e0 4 intervenants.<\/p>\n","protected":false},"author":1,"featured_media":0,"parent":0,"menu_order":0,"comment_status":"closed","ping_status":"closed","template":"","meta":{"_et_pb_use_builder":"on","_et_pb_old_content":"","_et_gb_content_width":"","footnotes":""},"_links":{"self":[{"href":"https:\/\/gmp-nantes.com\/index.php\/wp-json\/wp\/v2\/pages\/744"}],"collection":[{"href":"https:\/\/gmp-nantes.com\/index.php\/wp-json\/wp\/v2\/pages"}],"about":[{"href":"https:\/\/gmp-nantes.com\/index.php\/wp-json\/wp\/v2\/types\/page"}],"author":[{"embeddable":true,"href":"https:\/\/gmp-nantes.com\/index.php\/wp-json\/wp\/v2\/users\/1"}],"replies":[{"embeddable":true,"href":"https:\/\/gmp-nantes.com\/index.php\/wp-json\/wp\/v2\/comments?post=744"}],"version-history":[{"count":9,"href":"https:\/\/gmp-nantes.com\/index.php\/wp-json\/wp\/v2\/pages\/744\/revisions"}],"predecessor-version":[{"id":30531,"href":"https:\/\/gmp-nantes.com\/index.php\/wp-json\/wp\/v2\/pages\/744\/revisions\/30531"}],"wp:attachment":[{"href":"https:\/\/gmp-nantes.com\/index.php\/wp-json\/wp\/v2\/media?parent=744"}],"curies":[{"name":"wp","href":"https:\/\/api.w.org\/{rel}","templated":true}]}}